{"id":6229,"date":"2025-07-27T10:03:12","date_gmt":"2025-07-27T10:03:12","guid":{"rendered":"https:\/\/cristinaperaltainteriorista.com\/politica-de-cookies\/"},"modified":"2026-01-15T15:13:12","modified_gmt":"2026-01-15T15:13:12","slug":"politica-de-cookies","status":"publish","type":"page","link":"https:\/\/cristinaperaltainteriorista.com\/ca\/politica-de-cookies\/","title":{"rendered":"Pol\u00edtica de cookies"},"content":{"rendered":"\t\t<div data-elementor-type=\"wp-page\" data-elementor-id=\"6229\" class=\"elementor elementor-6229 elementor-4868\" data-elementor-post-type=\"page\">\n\t\t\t\t<div class=\"elementor-element elementor-element-52bb8fd e-con-full e-flex e-con e-parent\" data-id=\"52bb8fd\" data-element_type=\"container\" data-e-type=\"container\">\n\t\t\t\t<div class=\"elementor-element elementor-element-bb61690 elementor-widget elementor-widget-heading\" data-id=\"bb61690\" data-element_type=\"widget\" data-e-type=\"widget\" data-widget_type=\"heading.default\">\n\t\t\t\t\t<h1 class=\"elementor-heading-title elementor-size-default\">Pol\u00edtica de cookies<\/h1>\t\t\t\t<\/div>\n\t\t\t\t<\/div>\n\t\t<div class=\"elementor-element elementor-element-bedc2d7 e-flex e-con-boxed e-con e-parent\" data-id=\"bedc2d7\" data-element_type=\"container\" data-e-type=\"container\">\n\t\t\t\t\t<div class=\"e-con-inner\">\n\t\t\t\t<div class=\"elementor-element elementor-element-64562c9 elementor-widget elementor-widget-text-editor\" data-id=\"64562c9\" data-element_type=\"widget\" data-e-type=\"widget\" data-widget_type=\"text-editor.default\">\n\t\t\t\t\t\t\t\t\tEls nostre lloc web utilitza una tecnologia anomenada &#8220;cookie&#8221;, amb la finalitat de poder obtenir informaci\u00f3 sobre l&#8217;\u00fas del lloc web, millorar l\u2019experi\u00e8ncia de l\u2019usuari i garantir el seu correcte funcionament.<br><br><b>Definici\u00f3 de Cookie<\/b><br><br>Una \u201ccookie\u201d \u00e9s un petit fragment de text que els llocs web envien al navegador i que s&#8217;emmagatzemen en el terminal de l&#8217;usuari, (ordinador o dispositiu m\u00f2bil). Aquests arxius tenen la finalitat d&#8217;emmagatzemar dades que podran ser actualitzades i recuperades per l&#8217;entitat responsable de la seva instal\u00b7laci\u00f3. Aix\u00ed, cada vegada que l&#8217;usuari torna a visitar el mateix lloc web, l&#8217;explorador recupera l&#8217;arxiu i l&#8217;envia al servidor del lloc web. Les cookies tenen diverses funcions entre les que s&#8217;inclouen, la de recollir informaci\u00f3 sobre les prefer\u00e8ncies de l&#8217;usuari i recordar-la, i en general, facilitar l&#8217;\u00fas del lloc web a l&#8217;usuari fent que el lloc sigui m\u00e9s \u00fatil al personalitzar el seu contingut.<br><br>Les cookies es poden classificar en base a diferents par\u00e0metres:<br><br><strong>1. Titularitat:<\/strong> <span style=\"text-decoration: underline;\">cookies pr\u00f2pies i cookies de tercers:<\/span> depenent de quina sigui l&#8217;entitat que gestioni el domini des d&#8217;on s&#8217;envien les cookies i es tractin les dades que s&#8217;obtinguin.<br><br><strong>2.- Duraci\u00f3:<\/strong> <span style=\"text-decoration: underline;\">cookies de sessi\u00f3 i cookies persistents:<\/span> d&#8217;acord amb el termini de temps que romanen emmagatzemades al terminal de l&#8217;usuari.<br><br><strong>3.- Finalitat: <\/strong><span style=\"text-decoration: underline;\">cookies t\u00e8cniques, cookies de prefer\u00e8ncies o personalitzaci\u00f3, cookies d&#8217;an\u00e0lisi o mesura i cookies de publicitat comportamental<\/span>, d&#8217;acord amb la finalitat per a la qual es tractin les dades obtingudes.<br><ul>\r\n \t<li><span style=\"text-decoration: underline;\">Cookies t\u00e8cniques:<\/span>S\u00f3n aquelles que permeten a l&#8217;usuari la navegaci\u00f3 a trav\u00e9s de la p\u00e0gina web o aplicaci\u00f3 i la utilitzaci\u00f3 de les diferents opcions o serveis que en ella existeixen. Per exemple, controlar el tr\u00e0nsit i la comunicaci\u00f3 de dades , identificar la sessi\u00f3 o accedir a les parts web d&#8217;acc\u00e9s restringit.<\/li>\r\n \t<li><span style=\"text-decoration: underline;\">Cookies de prefer\u00e8ncies o personalitzaci\u00f3:<\/span> S\u00f3n aquelles que permeten recordar informaci\u00f3 perqu\u00e8 l&#8217;usuari accedeixi al servei amb determinades caracter\u00edstiques que poden diferenciar la seva experi\u00e8ncia de la d&#8217;altres usuaris, com, per exemple, l&#8217;idioma, el n\u00famero de resultats a mostrar quan l&#8217;usuari realitza una cerca, l&#8217;aspecte o contingut del servei en funci\u00f3 del tipus de navegador a trav\u00e9s del qual l&#8217;usuari accedeix al servei o de la regi\u00f3 des de la qual accedeix al servei, etc.<\/li>\r\n \t<li><span style=\"text-decoration: underline;\">Cookies d&#8217;an\u00e0lisi o mesura:<\/span> S\u00f3n aquelles que permeten al seu responsable el seguiment i l&#8217;an\u00e0lisi del comportament dels usuaris dels llocs web als quals estan vinculades, inclosa la quantificaci\u00f3 dels impactes dels anuncis. La informaci\u00f3 recollida mitjan\u00e7ant aquest tipus de cookies s&#8217;utilitza en el mesurament de l&#8217;activitat dels llocs web, aplicaci\u00f3 o plataforma, per tal d&#8217;introduir millores en funci\u00f3 de l&#8217;an\u00e0lisi de les dades d&#8217;\u00fas que fan els usuaris del servei.<\/li>\r\n \t<li><span style=\"text-decoration: underline;\">Cookies de publicitat comportamental:<\/span> S\u00f3n aquelles que emmagatzemen informaci\u00f3 del comportament dels usuaris obtinguda a trav\u00e9s de l&#8217;observaci\u00f3 continuada dels seus h\u00e0bits de navegaci\u00f3, cosa que permet desenvolupar un perfil espec\u00edfic per mostrar publicitat en funci\u00f3 d\u2019aquest perfil.<\/li>\r\n<\/ul><br><b>Cookies utilitzades al nostre lloc web<\/b><br><br>El nostre lloc web utilitza tant cookies pr\u00f2pies, que s\u00f3n les enviades al seu ordinador i gestionades exclusivament per nosaltres per al millor funcionament del lloc web, com cookies de tercers, amb la funci\u00f3 de servir per a la interacci\u00f3 dels usuaris amb nosaltres.<br><br>El nostre lloc web fa servir tant cookies temporals de sessi\u00f3 com cookies persistents. Les cookies de sessi\u00f3 emmagatzemen dades \u00fanicament mentre l&#8217;usuari accedeix a la web i les cookies persistents emmagatzemen les dades en el terminal perqu\u00e8 siguin accedides i utilitzades en m\u00e9s d&#8217;una sessi\u00f3.<br><br>Concretament les cookies utilitzades al nostre lloc web que no s\u00f3n t\u00e8cniques o de personalitzaci\u00f3, i que per tant necessiten consentiment de l&#8217;usuari s\u00f3n:<br><br>NomTitularitatFinalitatDurada<br><table>\r\n<thead><\/thead>\r\n<tbody>\r\n<tr>\r\n<td>elementor<\/td>\r\n<td>cristinaperaltainteriorista.com<\/td>\r\n<td>Necess\u00e0ria:\r\nEl tema de WordPress del lloc web estableix aquesta galeta. Permet al propietari del lloc web implementar o canviar el contingut del lloc web a temps real.<\/td>\r\n<td>Mai caduca<\/td>\r\n<\/tr>\r\n<tr>\r\n<td>wpEmojiSettingsSupports<\/td>\r\n<td>cristinaperaltainteriorista.com<\/td>\r\n<td>Necesaria:\r\nWordPress establece esta cookie cuando un usuario interact\u00faa con emojis en un sitio web. Ayuda a determinar si el navegador del usuario puede mostrar emojis correctamente.<\/td>\r\n<td>Sessi\u00f3<\/td>\r\n<\/tr>\r\n<tr>\r\n<td>cookieyes-consent<\/td>\r\n<td>cristinaperaltainteriorista.com<\/td>\r\n<td>Necessaria:\r\nCookieYes establece esta cookie para recordar las preferencias de consentimiento de los usuarios, de modo que se respetan sus preferencias en las siguientes visitas a este sitio. No recoge ni almacena ninguna informaci\u00f3n personal sobre los visitantes del sitio.<\/td>\r\n<td>1 any<\/td>\r\n<\/tr>\r\n<tr>\r\n<td>rc::a<\/td>\r\n<td>google.com<\/td>\r\n<td>Necessaria:\r\nEl servicio recaptcha de Google establece esta cookie para identificar bots y proteger el sitio web contra ataques de spam maliciosos.<\/td>\r\n<td>Mai caduca<\/td>\r\n<\/tr>\r\n<tr>\r\n<td>rc::c<\/td>\r\n<td>google.com<\/td>\r\n<td>Necessaria:\r\nEl servicio recaptcha de Google establece esta cookie para identificar bots y proteger el sitio web contra ataques de spam maliciosos.<\/td>\r\n<td>Mai caduca<\/td>\r\n<\/tr>\r\n<tr>\r\n<td>_ga\r\n_ga_L8KX7H8MQP<\/td>\r\n<td>cristinaperaltainteriorista.com<\/td>\r\n<td>Anal\u00edtica:\r\nInstal\u00b7lada per Google Analytics, calcula les dades de visitants, sessions i campanyes i tamb\u00e9 realitza un seguiment de l&#8217;\u00fas del lloc per a l&#8217;informe anal\u00edtic del lloc. La cookie emmagatzema informaci\u00f3 de forma an\u00f2nima i assigna un nombre generat aleat\u00f2riament per recon\u00e8ixer visitants \u00fanics.<\/td>\r\n<td>1 any i 35 dies<\/td>\r\n<\/tr>\r\n<tr>\r\n<td>_gcl_au<\/td>\r\n<td>cristinaperaltainteriorista.com<\/td>\r\n<td>Anal\u00edtica:\r\nProporcionada per Google Tag Manager per experimentar l&#8217;efici\u00e8ncia publicit\u00e0ria dels llocs web que utilitzen els seus serveis.<\/td>\r\n<td>3 mesos<\/td>\r\n<\/tr>\r\n<\/tbody>\r\n<\/table><br>Per obtenir m\u00e9s informaci\u00f3 sobre les cookies de tercers podeu clicar a Google Analytics; Google LLC.<br><br>Finalment, tamb\u00e9 s&#8217;utilitzen cookies de complement (plug-in) per intercanviar continguts socials.<br><br><b>Consentiment<\/b><br>El consentiment per a l&#8217;\u00fas de les cookies abans enunciades, pels terminis assenyalats i en les condicions contingudes en la present Pol\u00edtica de Cookies, s\u2019obtindr\u00e0 amb l\u2019acceptaci\u00f3 de l\u2019av\u00eds inicial d\u2019informaci\u00f3 sobre les cookies que es visualitza en el moment en que carrega la nostra web.<br><br>L&#8217;\u00fas de cookies anal\u00edtiques de Google i de m\u00e0rqueting implica una transmissi\u00f3 de dades a aquestes companyies ubicades als Estats Units d&#8217;Am\u00e8rica. Els Estats Units i la Uni\u00f3 Europea tenen un acord Marc de Privadesa aprovat per la Decisi\u00f3 d&#8217;Execuci\u00f3 de la Comissi\u00f3 de 10.7.2023 d&#8217;acord amb el Reglament (UE) 2016\/679 del Parlament Europeu i del Consell. Pot trobar m\u00e9s informaci\u00f3 en la pol\u00edtica de privacitat de <a style=\"color: blue;\" href=\"https:\/\/policies.google.com\/privacy?hl=es\" target=\"_blank\" rel=\"noopener noreferrer nofollow\">Google<\/a>.<br><br><b>Retirada del consentiment<\/b><br><br>L&#8217;usuari pot retirar el consentiment per a l&#8217;\u00fas de cookies en qualsevol moment. Per fer-ho, pot utilitzar el bot\u00f3 de la web que hi hagi a tal efecte o eliminar les cookies del seu navegador.<br><br><b>Com deshabilitar les cookies als principals navegadors?<\/b><br><br>Tot i que pot variar lleugerament d&#8217;una versi\u00f3 de navegador a una altra, la configuraci\u00f3 de la pol\u00edtica de cookies per als navegadors m\u00e9s utilitzats \u00e9s la seg\u00fcent:<br><ul>\r\n \t<li><a style=\"color: blue;\" href=\"https:\/\/support.microsoft.com\/es-es\/microsoft-edge\/microsoft-edge-datos-de-exploraci%C3%B3n-y-privacidad-bb8174ba-9d73-dcf2-9b4a-c582b4e640dd\" target=\"_blank\" rel=\"noopener noreferrer nofollow\">Edge<\/a><\/li>\r\n \t<li><a style=\"color: blue;\" href=\"https:\/\/support.mozilla.org\/es\/kb\/Borrar%20cookies\" target=\"_blank\" rel=\"noopener noreferrer nofollow\">Firefox<\/a><\/li>\r\n \t<li><a style=\"color: blue;\" href=\"https:\/\/support.google.com\/chrome\/answer\/95647?hl=es\" target=\"_blank\" rel=\"noopener noreferrer nofollow\">Chrome<\/a><\/li>\r\n \t<li><a style=\"color: blue;\" href=\"https:\/\/support.apple.com\/es-es\/guide\/safari\/sfri11471\/mac\" target=\"_blank\" rel=\"noopener noreferrer nofollow\">Safari (Mac)<\/a><\/li>\r\n \t<li><a style=\"color: blue;\" href=\"https:\/\/support.apple.com\/es-es\/105082\" target=\"_blank\" rel=\"noopener noreferrer nofollow\">Safari (Iphone\/Ipad)<\/a><\/li>\r\n<\/ul><br>&nbsp;<br><br>A m\u00e9s, tamb\u00e9 pot gestionar el magatzem de cookies al seu navegador a trav\u00e9s d&#8217;eines com les seg\u00fcents:<br><ul>\r\n \t<li><a style=\"color: blue;\" href=\"https:\/\/www.youronlinechoices.com\/es\/\" target=\"_blank\" rel=\"noopener noreferrer nofollow\">Your online choices<\/a><\/li>\r\n \t<li><a style=\"color: blue;\" href=\"https:\/\/www.ghostery.com\/\" target=\"_blank\" rel=\"noopener noreferrer nofollow\">Ghostery<\/a><\/li>\r\n<\/ul><br><b>\u00a0<\/b><br><br><b>Actualitzaci\u00f3 de la pol\u00edtica de cookies<\/b><br><br>Aquest lloc web pot modificar aquesta Pol\u00edtica sobre Cookies, per aix\u00f2 li recomanem revisar aquesta pol\u00edtica cada vegada que accedeixi al nostre lloc web per estar adequadament informat sobre l&#8217;\u00fas que fem de les cookies.\t\t\t\t\t\t\t\t<\/div>\n\t\t\t\t\t<\/div>\n\t\t\t\t<\/div>\n\t\t\t\t<\/div>\n\t\t","protected":false},"excerpt":{"rendered":"<p>Els nostre lloc web utilitza una tecnologia anomenada &#8220;cookie&#8221;, amb la finalitat de poder obtenir informaci\u00f3 sobre l&#8217;\u00fas del lloc web, millorar l\u2019experi\u00e8ncia de l\u2019usuari i garantir el seu correcte funcionament. Definici\u00f3 de Cookie Una \u201ccookie\u201d \u00e9s un petit fragment de text que els llocs web envien al navegador i que s&#8217;emmagatzemen en el terminal [&hellip;]<\/p>\n","protected":false},"author":1,"featured_media":0,"parent":0,"menu_order":0,"comment_status":"closed","ping_status":"closed","template":"elementor_header_footer","meta":{"inline_featured_image":false,"_monsterinsights_skip_tracking":false,"_monsterinsights_sitenote_active":false,"_monsterinsights_sitenote_note":"","_monsterinsights_sitenote_category":0,"footnotes":""},"class_list":["post-6229","page","type-page","status-publish","hentry"],"yoast_head":"<!-- This site is optimized with the Yoast SEO plugin v27.5 - https:\/\/yoast.com\/product\/yoast-seo-wordpress\/ -->\n<title>Pol\u00edtica de cookies - Proyectos Interiorismo<\/title>\n<meta name=\"robots\" content=\"index, follow, max-snippet:-1, max-image-preview:large, max-video-preview:-1\" \/>\n<link rel=\"canonical\" href=\"https:\/\/cristinaperaltainteriorista.com\/ca\/politica-de-cookies\/\" \/>\n<meta property=\"og:locale\" content=\"ca_ES\" \/>\n<meta property=\"og:type\" content=\"article\" \/>\n<meta property=\"og:title\" content=\"Pol\u00edtica de cookies - Proyectos Interiorismo\" \/>\n<meta property=\"og:description\" content=\"Els nostre lloc web utilitza una tecnologia anomenada &#8220;cookie&#8221;, amb la finalitat de poder obtenir informaci\u00f3 sobre l&#8217;\u00fas del lloc web, millorar l\u2019experi\u00e8ncia de l\u2019usuari i garantir el seu correcte funcionament. Definici\u00f3 de Cookie Una \u201ccookie\u201d \u00e9s un petit fragment de text que els llocs web envien al navegador i que s&#8217;emmagatzemen en el terminal [&hellip;]\" \/>\n<meta property=\"og:url\" content=\"https:\/\/cristinaperaltainteriorista.com\/ca\/politica-de-cookies\/\" \/>\n<meta property=\"og:site_name\" content=\"Proyectos Interiorismo\" \/>\n<meta property=\"article:modified_time\" content=\"2026-01-15T15:13:12+00:00\" \/>\n<meta name=\"twitter:card\" content=\"summary_large_image\" \/>\n<meta name=\"twitter:label1\" content=\"Temps estimat de lectura\" \/>\n\t<meta name=\"twitter:data1\" content=\"6 minuts\" \/>\n<script type=\"application\/ld+json\" class=\"yoast-schema-graph\">{\"@context\":\"https:\\\/\\\/schema.org\",\"@graph\":[{\"@type\":\"WebPage\",\"@id\":\"https:\\\/\\\/cristinaperaltainteriorista.com\\\/ca\\\/politica-de-cookies\\\/\",\"url\":\"https:\\\/\\\/cristinaperaltainteriorista.com\\\/ca\\\/politica-de-cookies\\\/\",\"name\":\"Pol\u00edtica de cookies - Proyectos Interiorismo\",\"isPartOf\":{\"@id\":\"https:\\\/\\\/cristinaperaltainteriorista.com\\\/ca\\\/#website\"},\"datePublished\":\"2025-07-27T10:03:12+00:00\",\"dateModified\":\"2026-01-15T15:13:12+00:00\",\"breadcrumb\":{\"@id\":\"https:\\\/\\\/cristinaperaltainteriorista.com\\\/ca\\\/politica-de-cookies\\\/#breadcrumb\"},\"inLanguage\":\"ca\",\"potentialAction\":[{\"@type\":\"ReadAction\",\"target\":[\"https:\\\/\\\/cristinaperaltainteriorista.com\\\/ca\\\/politica-de-cookies\\\/\"]}]},{\"@type\":\"BreadcrumbList\",\"@id\":\"https:\\\/\\\/cristinaperaltainteriorista.com\\\/ca\\\/politica-de-cookies\\\/#breadcrumb\",\"itemListElement\":[{\"@type\":\"ListItem\",\"position\":1,\"name\":\"Portada\",\"item\":\"https:\\\/\\\/cristinaperaltainteriorista.com\\\/ca\\\/\"},{\"@type\":\"ListItem\",\"position\":2,\"name\":\"Pol\u00edtica de cookies\"}]},{\"@type\":\"WebSite\",\"@id\":\"https:\\\/\\\/cristinaperaltainteriorista.com\\\/ca\\\/#website\",\"url\":\"https:\\\/\\\/cristinaperaltainteriorista.com\\\/ca\\\/\",\"name\":\"Proyectos Interiorismo\",\"description\":\"Reforma integral, interiorismo y decoraci\u00f3n. \u261d \u00a1Visita nuestra web! Comienza ahora con tus proyectos creando tu espacio ideal.\",\"potentialAction\":[{\"@type\":\"SearchAction\",\"target\":{\"@type\":\"EntryPoint\",\"urlTemplate\":\"https:\\\/\\\/cristinaperaltainteriorista.com\\\/ca\\\/?s={search_term_string}\"},\"query-input\":{\"@type\":\"PropertyValueSpecification\",\"valueRequired\":true,\"valueName\":\"search_term_string\"}}],\"inLanguage\":\"ca\"}]}<\/script>\n<!-- \/ Yoast SEO plugin. -->","yoast_head_json":{"title":"Pol\u00edtica de cookies - Proyectos Interiorismo","robots":{"index":"index","follow":"follow","max-snippet":"max-snippet:-1","max-image-preview":"max-image-preview:large","max-video-preview":"max-video-preview:-1"},"canonical":"https:\/\/cristinaperaltainteriorista.com\/ca\/politica-de-cookies\/","og_locale":"ca_ES","og_type":"article","og_title":"Pol\u00edtica de cookies - Proyectos Interiorismo","og_description":"Els nostre lloc web utilitza una tecnologia anomenada &#8220;cookie&#8221;, amb la finalitat de poder obtenir informaci\u00f3 sobre l&#8217;\u00fas del lloc web, millorar l\u2019experi\u00e8ncia de l\u2019usuari i garantir el seu correcte funcionament. Definici\u00f3 de Cookie Una \u201ccookie\u201d \u00e9s un petit fragment de text que els llocs web envien al navegador i que s&#8217;emmagatzemen en el terminal [&hellip;]","og_url":"https:\/\/cristinaperaltainteriorista.com\/ca\/politica-de-cookies\/","og_site_name":"Proyectos Interiorismo","article_modified_time":"2026-01-15T15:13:12+00:00","twitter_card":"summary_large_image","twitter_misc":{"Temps estimat de lectura":"6 minuts"},"schema":{"@context":"https:\/\/schema.org","@graph":[{"@type":"WebPage","@id":"https:\/\/cristinaperaltainteriorista.com\/ca\/politica-de-cookies\/","url":"https:\/\/cristinaperaltainteriorista.com\/ca\/politica-de-cookies\/","name":"Pol\u00edtica de cookies - Proyectos Interiorismo","isPartOf":{"@id":"https:\/\/cristinaperaltainteriorista.com\/ca\/#website"},"datePublished":"2025-07-27T10:03:12+00:00","dateModified":"2026-01-15T15:13:12+00:00","breadcrumb":{"@id":"https:\/\/cristinaperaltainteriorista.com\/ca\/politica-de-cookies\/#breadcrumb"},"inLanguage":"ca","potentialAction":[{"@type":"ReadAction","target":["https:\/\/cristinaperaltainteriorista.com\/ca\/politica-de-cookies\/"]}]},{"@type":"BreadcrumbList","@id":"https:\/\/cristinaperaltainteriorista.com\/ca\/politica-de-cookies\/#breadcrumb","itemListElement":[{"@type":"ListItem","position":1,"name":"Portada","item":"https:\/\/cristinaperaltainteriorista.com\/ca\/"},{"@type":"ListItem","position":2,"name":"Pol\u00edtica de cookies"}]},{"@type":"WebSite","@id":"https:\/\/cristinaperaltainteriorista.com\/ca\/#website","url":"https:\/\/cristinaperaltainteriorista.com\/ca\/","name":"Proyectos Interiorismo","description":"Reforma integral, interiorismo y decoraci\u00f3n. \u261d \u00a1Visita nuestra web! Comienza ahora con tus proyectos creando tu espacio ideal.","potentialAction":[{"@type":"SearchAction","target":{"@type":"EntryPoint","urlTemplate":"https:\/\/cristinaperaltainteriorista.com\/ca\/?s={search_term_string}"},"query-input":{"@type":"PropertyValueSpecification","valueRequired":true,"valueName":"search_term_string"}}],"inLanguage":"ca"}]}},"_links":{"self":[{"href":"https:\/\/cristinaperaltainteriorista.com\/ca\/wp-json\/wp\/v2\/pages\/6229","targetHints":{"allow":["GET"]}}],"collection":[{"href":"https:\/\/cristinaperaltainteriorista.com\/ca\/wp-json\/wp\/v2\/pages"}],"about":[{"href":"https:\/\/cristinaperaltainteriorista.com\/ca\/wp-json\/wp\/v2\/types\/page"}],"author":[{"embeddable":true,"href":"https:\/\/cristinaperaltainteriorista.com\/ca\/wp-json\/wp\/v2\/users\/1"}],"replies":[{"embeddable":true,"href":"https:\/\/cristinaperaltainteriorista.com\/ca\/wp-json\/wp\/v2\/comments?post=6229"}],"version-history":[{"count":2,"href":"https:\/\/cristinaperaltainteriorista.com\/ca\/wp-json\/wp\/v2\/pages\/6229\/revisions"}],"predecessor-version":[{"id":6258,"href":"https:\/\/cristinaperaltainteriorista.com\/ca\/wp-json\/wp\/v2\/pages\/6229\/revisions\/6258"}],"wp:attachment":[{"href":"https:\/\/cristinaperaltainteriorista.com\/ca\/wp-json\/wp\/v2\/media?parent=6229"}],"curies":[{"name":"wp","href":"https:\/\/api.w.org\/{rel}","templated":true}]}}