{"id":6223,"date":"2025-07-27T10:02:54","date_gmt":"2025-07-27T10:02:54","guid":{"rendered":"https:\/\/cristinaperaltainteriorista.com\/avis-legal\/"},"modified":"2026-01-15T10:53:44","modified_gmt":"2026-01-15T10:53:44","slug":"avis-legal","status":"publish","type":"page","link":"https:\/\/cristinaperaltainteriorista.com\/ca\/avis-legal\/","title":{"rendered":"Av\u00eds Legal"},"content":{"rendered":"\t\t<div data-elementor-type=\"wp-page\" data-elementor-id=\"6223\" class=\"elementor elementor-6223 elementor-4865\" data-elementor-post-type=\"page\">\n\t\t\t\t<div class=\"elementor-element elementor-element-dba4b2a e-con-full e-flex e-con e-parent\" data-id=\"dba4b2a\" data-element_type=\"container\" data-e-type=\"container\">\n\t\t\t\t<div class=\"elementor-element elementor-element-7856378 elementor-widget elementor-widget-heading\" data-id=\"7856378\" data-element_type=\"widget\" data-e-type=\"widget\" data-widget_type=\"heading.default\">\n\t\t\t\t\t<h1 class=\"elementor-heading-title elementor-size-default\">Av\u00eds Legal<\/h1>\t\t\t\t<\/div>\n\t\t\t\t<\/div>\n\t\t<div class=\"elementor-element elementor-element-3cba557 e-flex e-con-boxed e-con e-parent\" data-id=\"3cba557\" data-element_type=\"container\" data-e-type=\"container\">\n\t\t\t\t\t<div class=\"e-con-inner\">\n\t\t\t\t<div class=\"elementor-element elementor-element-4536933 elementor-widget elementor-widget-text-editor\" data-id=\"4536933\" data-element_type=\"widget\" data-e-type=\"widget\" data-widget_type=\"text-editor.default\">\n\t\t\t\t\t\t\t\t\t<p><b>Informaci\u00f3 de Conformitat amb l&#8217;article 10 de la LSSI<\/b><\/p>\n<p><b>La titular d&#8217;aquesta web \u00e9s:<\/b><br \/>Identitat: CRISTINA PERALTA NEBOT<br \/>NIF: 46344964X<br \/>Adre\u00e7a: Pl. del castell, 1  17121  Monells<br \/>Tel.: 636965253<br \/>Email: estudio@cristinaperaltainteriorista.com<\/p>\n<p><b>Condicions d&#8217;\u00fas<\/b><br \/>L&#8217;\u00fas d&#8217;aquest web implica l&#8217;acceptaci\u00f3 plena dels termes i condicions del present av\u00eds legal. <\/p>\n<p><b>Propietat intel\u00b7lectual i industrial<\/b><br \/>La totalitat del contingut d&#8217;aquest lloc web, ja siguin textos, imatges, sons, marques, logotips o altres elements, aix\u00ed com subestructura, disseny, combinacions de colors o forma de presentaci\u00f3 dels materials, estan protegits per drets de propietat industrial i intel\u00b7lectual que l&#8217;usuari d&#8217;aquest lloc web ha de respectar. No \u00e9s l\u00edcita la seva transformaci\u00f3 o alteraci\u00f3, comunicaci\u00f3 p\u00fablica o qualsevol altra forma d&#8217;explotaci\u00f3 per qualsevol procediment sense l&#8217;autoritzaci\u00f3 expressa de CRISTINA PERALTA NEBOT.<\/p>\n<p><b>Responsabilitat sobre els continguts<\/b><br \/>Encara que CRISTINA PERALTA NEBOT actua amb la m\u00e0xima dilig\u00e8ncia possible, es pot donar el cas que alguna dada o informaci\u00f3 no estigui del tot actualitzada en el moment que l&#8217;usuari del lloc web el consulti. Per aix\u00f2, les informacions que es presenten en aquesta web tenen una funci\u00f3 orientativa i no obliguen a CRISTINA PERALTA NEBOT.<\/p>\n<p>CRISTINA PERALTA NEBOT no ser\u00e0 responsable de la informaci\u00f3 que es pugui obtenir a trav\u00e9s d&#8217;enlla\u00e7os inclosos en la seva web.<\/p>\n<p>CRISTINA PERALTA NEBOT es reserva la facultat de realitzar, en qualsevol moment i sense necessitat de preav\u00eds, modificacions o actualitzacions de la informaci\u00f3 i de qualsevol dels elements que integrin el disseny i configuraci\u00f3 de la p\u00e0gina web.<\/p>\n<p><b>Llei aplicable i jurisdicci\u00f3:<\/b><br \/>L&#8217;\u00fas d&#8217;aquest lloc web implica l&#8217;acceptaci\u00f3 plena dels termes i condicions en el present av\u00eds legal. Els possibles conflictes relatius a aquest web es regiran o interpretaran d&#8217;acord amb la legislaci\u00f3 espanyola i es sotmetran als Jutjats i Tribunals del domicili de l&#8217;usuari, quan aquest tingui la condici\u00f3 de consumidor o usuari de conformitat amb l&#8217;art. 3 del Reial decret legislatiu 1\/2007, de 16 de novembre, pel qual s&#8217;aprova el text ref\u00f3s de la Llei general per a la defensa dels consumidors i usuaris i altres lleis complement\u00e0ries; en cas contrari, seran competents els Jutjats i Tribunals del domicili de CRISTINA PERALTA NEBOT.<\/p>\n\t\t\t\t\t\t\t\t<\/div>\n\t\t\t\t\t<\/div>\n\t\t\t\t<\/div>\n\t\t\t\t<\/div>\n\t\t","protected":false},"excerpt":{"rendered":"<p>Informaci\u00f3 de Conformitat amb l&#8217;article 10 de la LSSI La titular d&#8217;aquesta web \u00e9s:Identitat: CRISTINA PERALTA NEBOTNIF: 46344964XAdre\u00e7a: Pl. del castell, 1 17121 MonellsTel.: 636965253Email: estudio@cristinaperaltainteriorista.com Condicions d&#8217;\u00fasL&#8217;\u00fas d&#8217;aquest web implica l&#8217;acceptaci\u00f3 plena dels termes i condicions del present av\u00eds legal. Propietat intel\u00b7lectual i industrialLa totalitat del contingut d&#8217;aquest lloc web, ja siguin textos, imatges, [&hellip;]<\/p>\n","protected":false},"author":1,"featured_media":0,"parent":0,"menu_order":0,"comment_status":"closed","ping_status":"closed","template":"elementor_header_footer","meta":{"inline_featured_image":false,"_monsterinsights_skip_tracking":false,"_monsterinsights_sitenote_active":false,"_monsterinsights_sitenote_note":"","_monsterinsights_sitenote_category":0,"footnotes":""},"class_list":["post-6223","page","type-page","status-publish","hentry"],"yoast_head":"<!-- This site is optimized with the Yoast SEO plugin v27.3 - https:\/\/yoast.com\/product\/yoast-seo-wordpress\/ -->\n<title>Av\u00eds Legal - Proyectos Interiorismo<\/title>\n<meta name=\"robots\" content=\"index, follow, max-snippet:-1, max-image-preview:large, max-video-preview:-1\" \/>\n<link rel=\"canonical\" href=\"https:\/\/cristinaperaltainteriorista.com\/ca\/avis-legal\/\" \/>\n<meta property=\"og:locale\" content=\"ca_ES\" \/>\n<meta property=\"og:type\" content=\"article\" \/>\n<meta property=\"og:title\" content=\"Av\u00eds Legal - Proyectos Interiorismo\" \/>\n<meta property=\"og:description\" content=\"Informaci\u00f3 de Conformitat amb l&#8217;article 10 de la LSSI La titular d&#8217;aquesta web \u00e9s:Identitat: CRISTINA PERALTA NEBOTNIF: 46344964XAdre\u00e7a: Pl. del castell, 1 17121 MonellsTel.: 636965253Email: estudio@cristinaperaltainteriorista.com Condicions d&#8217;\u00fasL&#8217;\u00fas d&#8217;aquest web implica l&#8217;acceptaci\u00f3 plena dels termes i condicions del present av\u00eds legal. Propietat intel\u00b7lectual i industrialLa totalitat del contingut d&#8217;aquest lloc web, ja siguin textos, imatges, [&hellip;]\" \/>\n<meta property=\"og:url\" content=\"https:\/\/cristinaperaltainteriorista.com\/ca\/avis-legal\/\" \/>\n<meta property=\"og:site_name\" content=\"Proyectos Interiorismo\" \/>\n<meta property=\"article:modified_time\" content=\"2026-01-15T10:53:44+00:00\" \/>\n<meta name=\"twitter:card\" content=\"summary_large_image\" \/>\n<meta name=\"twitter:label1\" content=\"Temps estimat de lectura\" \/>\n\t<meta name=\"twitter:data1\" content=\"2 minuts\" \/>\n<script type=\"application\/ld+json\" class=\"yoast-schema-graph\">{\"@context\":\"https:\\\/\\\/schema.org\",\"@graph\":[{\"@type\":\"WebPage\",\"@id\":\"https:\\\/\\\/cristinaperaltainteriorista.com\\\/ca\\\/avis-legal\\\/\",\"url\":\"https:\\\/\\\/cristinaperaltainteriorista.com\\\/ca\\\/avis-legal\\\/\",\"name\":\"Av\u00eds Legal - Proyectos Interiorismo\",\"isPartOf\":{\"@id\":\"https:\\\/\\\/cristinaperaltainteriorista.com\\\/ca\\\/#website\"},\"datePublished\":\"2025-07-27T10:02:54+00:00\",\"dateModified\":\"2026-01-15T10:53:44+00:00\",\"breadcrumb\":{\"@id\":\"https:\\\/\\\/cristinaperaltainteriorista.com\\\/ca\\\/avis-legal\\\/#breadcrumb\"},\"inLanguage\":\"ca\",\"potentialAction\":[{\"@type\":\"ReadAction\",\"target\":[\"https:\\\/\\\/cristinaperaltainteriorista.com\\\/ca\\\/avis-legal\\\/\"]}]},{\"@type\":\"BreadcrumbList\",\"@id\":\"https:\\\/\\\/cristinaperaltainteriorista.com\\\/ca\\\/avis-legal\\\/#breadcrumb\",\"itemListElement\":[{\"@type\":\"ListItem\",\"position\":1,\"name\":\"Portada\",\"item\":\"https:\\\/\\\/cristinaperaltainteriorista.com\\\/ca\\\/\"},{\"@type\":\"ListItem\",\"position\":2,\"name\":\"Av\u00eds Legal\"}]},{\"@type\":\"WebSite\",\"@id\":\"https:\\\/\\\/cristinaperaltainteriorista.com\\\/ca\\\/#website\",\"url\":\"https:\\\/\\\/cristinaperaltainteriorista.com\\\/ca\\\/\",\"name\":\"Proyectos Interiorismo\",\"description\":\"Reforma integral, interiorismo y decoraci\u00f3n. \u261d \u00a1Visita nuestra web! Comienza ahora con tus proyectos creando tu espacio ideal.\",\"potentialAction\":[{\"@type\":\"SearchAction\",\"target\":{\"@type\":\"EntryPoint\",\"urlTemplate\":\"https:\\\/\\\/cristinaperaltainteriorista.com\\\/ca\\\/?s={search_term_string}\"},\"query-input\":{\"@type\":\"PropertyValueSpecification\",\"valueRequired\":true,\"valueName\":\"search_term_string\"}}],\"inLanguage\":\"ca\"}]}<\/script>\n<!-- \/ Yoast SEO plugin. -->","yoast_head_json":{"title":"Av\u00eds Legal - Proyectos Interiorismo","robots":{"index":"index","follow":"follow","max-snippet":"max-snippet:-1","max-image-preview":"max-image-preview:large","max-video-preview":"max-video-preview:-1"},"canonical":"https:\/\/cristinaperaltainteriorista.com\/ca\/avis-legal\/","og_locale":"ca_ES","og_type":"article","og_title":"Av\u00eds Legal - Proyectos Interiorismo","og_description":"Informaci\u00f3 de Conformitat amb l&#8217;article 10 de la LSSI La titular d&#8217;aquesta web \u00e9s:Identitat: CRISTINA PERALTA NEBOTNIF: 46344964XAdre\u00e7a: Pl. del castell, 1 17121 MonellsTel.: 636965253Email: estudio@cristinaperaltainteriorista.com Condicions d&#8217;\u00fasL&#8217;\u00fas d&#8217;aquest web implica l&#8217;acceptaci\u00f3 plena dels termes i condicions del present av\u00eds legal. Propietat intel\u00b7lectual i industrialLa totalitat del contingut d&#8217;aquest lloc web, ja siguin textos, imatges, [&hellip;]","og_url":"https:\/\/cristinaperaltainteriorista.com\/ca\/avis-legal\/","og_site_name":"Proyectos Interiorismo","article_modified_time":"2026-01-15T10:53:44+00:00","twitter_card":"summary_large_image","twitter_misc":{"Temps estimat de lectura":"2 minuts"},"schema":{"@context":"https:\/\/schema.org","@graph":[{"@type":"WebPage","@id":"https:\/\/cristinaperaltainteriorista.com\/ca\/avis-legal\/","url":"https:\/\/cristinaperaltainteriorista.com\/ca\/avis-legal\/","name":"Av\u00eds Legal - Proyectos Interiorismo","isPartOf":{"@id":"https:\/\/cristinaperaltainteriorista.com\/ca\/#website"},"datePublished":"2025-07-27T10:02:54+00:00","dateModified":"2026-01-15T10:53:44+00:00","breadcrumb":{"@id":"https:\/\/cristinaperaltainteriorista.com\/ca\/avis-legal\/#breadcrumb"},"inLanguage":"ca","potentialAction":[{"@type":"ReadAction","target":["https:\/\/cristinaperaltainteriorista.com\/ca\/avis-legal\/"]}]},{"@type":"BreadcrumbList","@id":"https:\/\/cristinaperaltainteriorista.com\/ca\/avis-legal\/#breadcrumb","itemListElement":[{"@type":"ListItem","position":1,"name":"Portada","item":"https:\/\/cristinaperaltainteriorista.com\/ca\/"},{"@type":"ListItem","position":2,"name":"Av\u00eds Legal"}]},{"@type":"WebSite","@id":"https:\/\/cristinaperaltainteriorista.com\/ca\/#website","url":"https:\/\/cristinaperaltainteriorista.com\/ca\/","name":"Proyectos Interiorismo","description":"Reforma integral, interiorismo y decoraci\u00f3n. \u261d \u00a1Visita nuestra web! Comienza ahora con tus proyectos creando tu espacio ideal.","potentialAction":[{"@type":"SearchAction","target":{"@type":"EntryPoint","urlTemplate":"https:\/\/cristinaperaltainteriorista.com\/ca\/?s={search_term_string}"},"query-input":{"@type":"PropertyValueSpecification","valueRequired":true,"valueName":"search_term_string"}}],"inLanguage":"ca"}]}},"_links":{"self":[{"href":"https:\/\/cristinaperaltainteriorista.com\/ca\/wp-json\/wp\/v2\/pages\/6223","targetHints":{"allow":["GET"]}}],"collection":[{"href":"https:\/\/cristinaperaltainteriorista.com\/ca\/wp-json\/wp\/v2\/pages"}],"about":[{"href":"https:\/\/cristinaperaltainteriorista.com\/ca\/wp-json\/wp\/v2\/types\/page"}],"author":[{"embeddable":true,"href":"https:\/\/cristinaperaltainteriorista.com\/ca\/wp-json\/wp\/v2\/users\/1"}],"replies":[{"embeddable":true,"href":"https:\/\/cristinaperaltainteriorista.com\/ca\/wp-json\/wp\/v2\/comments?post=6223"}],"version-history":[{"count":1,"href":"https:\/\/cristinaperaltainteriorista.com\/ca\/wp-json\/wp\/v2\/pages\/6223\/revisions"}],"predecessor-version":[{"id":6224,"href":"https:\/\/cristinaperaltainteriorista.com\/ca\/wp-json\/wp\/v2\/pages\/6223\/revisions\/6224"}],"wp:attachment":[{"href":"https:\/\/cristinaperaltainteriorista.com\/ca\/wp-json\/wp\/v2\/media?parent=6223"}],"curies":[{"name":"wp","href":"https:\/\/api.w.org\/{rel}","templated":true}]}}