{"id":5984,"date":"2025-07-22T15:30:56","date_gmt":"2025-07-22T15:30:56","guid":{"rendered":"https:\/\/cristinaperaltainteriorista.com\/estudi\/"},"modified":"2025-08-11T12:37:56","modified_gmt":"2025-08-11T12:37:56","slug":"estudi","status":"publish","type":"page","link":"https:\/\/cristinaperaltainteriorista.com\/ca\/estudi\/","title":{"rendered":"Estudi"},"content":{"rendered":"\t\t<div data-elementor-type=\"wp-page\" data-elementor-id=\"5984\" class=\"elementor elementor-5984 elementor-15\" data-elementor-post-type=\"page\">\n\t\t\t\t<div class=\"elementor-element elementor-element-88475bf e-con-full e-flex e-con e-parent\" data-id=\"88475bf\" data-element_type=\"container\" data-e-type=\"container\">\n\t\t<div class=\"elementor-element elementor-element-d65642c e-con-full e-flex e-con e-child\" data-id=\"d65642c\" data-element_type=\"container\" data-e-type=\"container\" data-settings=\"{&quot;background_background&quot;:&quot;classic&quot;}\">\n\t\t\t\t<\/div>\n\t\t<div class=\"elementor-element elementor-element-abb513e e-con-full e-flex e-con e-child\" data-id=\"abb513e\" data-element_type=\"container\" data-e-type=\"container\" data-settings=\"{&quot;background_background&quot;:&quot;classic&quot;}\">\n\t\t\t\t<div class=\"elementor-element elementor-element-f5447c7 elementor-widget elementor-widget-heading\" data-id=\"f5447c7\" data-element_type=\"widget\" data-e-type=\"widget\" data-widget_type=\"heading.default\">\n\t\t\t\t\t<p class=\"elementor-heading-title elementor-size-default\">ESCOLTAR, ENTENDRE I PROPOSAR\u2026<\/p>\t\t\t\t<\/div>\n\t\t\t\t<div class=\"elementor-element elementor-element-b94bf35 elementor-widget__width-inherit elementor-widget elementor-widget-text-editor\" data-id=\"b94bf35\" data-element_type=\"widget\" data-e-type=\"widget\" data-widget_type=\"text-editor.default\">\n\t\t\t\t\t\t\t\t\t<p><span style=\"font-weight: 400;\">El nostre proc\u00e9s de treball es basa en tres pilars fonamentals: con\u00e8ixer-te, entendre qu\u00e8 necessites i oferir-te la millor soluci\u00f3.<\/span><\/p>\n<p>AIX\u00cd TREBALLEM<\/p>\n<p><span style=\"font-weight: 400;\">Tot comen\u00e7a amb una primera visita: ens coneixem, estudiem el teu espai i analitzem les teves necessitats.<\/span><span style=\"font-weight: 400;\"><br \/>\n<\/span><span style=\"font-weight: 400;\">Amb aquesta informaci\u00f3, plantegem un pla d\u2019acci\u00f3 clar i transparent, amb una estimaci\u00f3 dels honoraris.<\/span><span style=\"font-weight: 400;\"><br \/>\n<\/span><span style=\"font-weight: 400;\">A partir d\u2019aqu\u00ed, desenvolupem el projecte cuidant cada detall. Res queda a l\u2019atzar: un bon disseny tamb\u00e9 implica rigor pressupostari i en els terminis.<\/span><span style=\"font-weight: 400;\"><br \/>\n<\/span><span style=\"font-weight: 400;\">Quan el projecte est\u00e0 definit i aprovat, comencem l\u2019execuci\u00f3 i la direcci\u00f3 d\u2019obra. Coordinem tots els processos per garantir un bon resultat.<\/span><\/p>\n\t\t\t\t\t\t\t\t<\/div>\n\t\t\t\t<\/div>\n\t\t\t\t<\/div>\n\t\t<div class=\"elementor-element elementor-element-76f3913 e-con-full e-flex e-con e-parent\" data-id=\"76f3913\" data-element_type=\"container\" data-e-type=\"container\">\n\t\t<div class=\"elementor-element elementor-element-a51c920 e-con-full e-flex e-con e-child\" data-id=\"a51c920\" data-element_type=\"container\" data-e-type=\"container\" data-settings=\"{&quot;background_background&quot;:&quot;classic&quot;}\">\n\t\t\t\t<div class=\"elementor-element elementor-element-0bf080a elementor-widget elementor-widget-image\" data-id=\"0bf080a\" data-element_type=\"widget\" data-e-type=\"widget\" data-widget_type=\"image.default\">\n\t\t\t\t\t\t\t\t\t\t\t\t\t\t\t<img fetchpriority=\"high\" decoding=\"async\" width=\"872\" height=\"1000\" src=\"https:\/\/cristinaperaltainteriorista.com\/wp-content\/uploads\/2025\/07\/Cristina-Peralta-INTERIORISTA.jpg\" class=\"attachment-full size-full wp-image-5866\" alt=\"\" srcset=\"https:\/\/cristinaperaltainteriorista.com\/wp-content\/uploads\/2025\/07\/Cristina-Peralta-INTERIORISTA.jpg 872w, https:\/\/cristinaperaltainteriorista.com\/wp-content\/uploads\/2025\/07\/Cristina-Peralta-INTERIORISTA-262x300.jpg 262w, https:\/\/cristinaperaltainteriorista.com\/wp-content\/uploads\/2025\/07\/Cristina-Peralta-INTERIORISTA-768x881.jpg 768w\" sizes=\"(max-width: 872px) 100vw, 872px\" \/>\t\t\t\t\t\t\t\t\t\t\t\t\t\t\t<\/div>\n\t\t\t\t<\/div>\n\t\t<div class=\"elementor-element elementor-element-77eb6f4 e-con-full e-flex e-con e-child\" data-id=\"77eb6f4\" data-element_type=\"container\" data-e-type=\"container\">\n\t\t\t\t<div class=\"elementor-element elementor-element-1a72690 elementor-widget elementor-widget-heading\" data-id=\"1a72690\" data-element_type=\"widget\" data-e-type=\"widget\" data-widget_type=\"heading.default\">\n\t\t\t\t\t<h1 class=\"elementor-heading-title elementor-size-default\">CRISTINA PERALTA INTERIORISTA<\/h1>\t\t\t\t<\/div>\n\t\t\t\t<div class=\"elementor-element elementor-element-e682804 elementor-widget elementor-widget-heading\" data-id=\"e682804\" data-element_type=\"widget\" data-e-type=\"widget\" data-widget_type=\"heading.default\">\n\t\t\t\t\t<p class=\"elementor-heading-title elementor-size-default\">Interiorista i directora de projectes.<\/p>\t\t\t\t<\/div>\n\t\t\t\t<div class=\"elementor-element elementor-element-c570c46 elementor-widget__width-inherit elementor-widget elementor-widget-heading\" data-id=\"c570c46\" data-element_type=\"widget\" data-e-type=\"widget\" data-widget_type=\"heading.default\">\n\t\t\t\t\t<p class=\"elementor-heading-title elementor-size-default\">M\u2019agrada pensar cada espai des de dins: entendre com es viu, com ha de funcionar i com pot millorar. Combino sensibilitat est\u00e8tica, pensament t\u00e8cnic i una gesti\u00f3 rigorosa. Perqu\u00e8 un bon interiorisme no \u00e9s nom\u00e9s una q\u00fcesti\u00f3 d\u2019estil, sin\u00f3 de bones decisions.<\/p>\t\t\t\t<\/div>\n\t\t\t\t<div class=\"elementor-element elementor-element-0772c0f elementor-widget elementor-widget-button\" data-id=\"0772c0f\" data-element_type=\"widget\" data-e-type=\"widget\" data-widget_type=\"button.default\">\n\t\t\t\t\t\t\t\t\t\t<a class=\"elementor-button elementor-button-link elementor-size-sm\" href=\"https:\/\/cristinaperaltainteriorista.com\/ca\/contacte\/\">\n\t\t\t\t\t\t<span class=\"elementor-button-content-wrapper\">\n\t\t\t\t\t\t\t\t\t<span class=\"elementor-button-text\">Contacte<\/span>\n\t\t\t\t\t<\/span>\n\t\t\t\t\t<\/a>\n\t\t\t\t\t\t\t\t<\/div>\n\t\t\t\t<\/div>\n\t\t\t\t<\/div>\n\t\t<div class=\"elementor-element elementor-element-09ebaa8 e-con-full e-flex e-con e-parent\" data-id=\"09ebaa8\" data-element_type=\"container\" data-e-type=\"container\" data-settings=\"{&quot;background_background&quot;:&quot;classic&quot;}\">\n\t\t\t\t<\/div>\n\t\t<div class=\"elementor-element elementor-element-19e1ddc e-con-full e-flex e-con e-parent\" data-id=\"19e1ddc\" data-element_type=\"container\" data-e-type=\"container\">\n\t\t\t\t<div class=\"elementor-element elementor-element-2f05273 elementor-widget elementor-widget-heading\" data-id=\"2f05273\" data-element_type=\"widget\" data-e-type=\"widget\" data-widget_type=\"heading.default\">\n\t\t\t\t\t<h3 class=\"elementor-heading-title elementor-size-default\">M'envolto de talent... i de valors<\/h3>\t\t\t\t<\/div>\n\t\t\t\t<div class=\"elementor-element elementor-element-f8a5cbf elementor-widget__width-initial elementor-widget-tablet__width-inherit elementor-widget elementor-widget-text-editor\" data-id=\"f8a5cbf\" data-element_type=\"widget\" data-e-type=\"widget\" data-widget_type=\"text-editor.default\">\n\t\t\t\t\t\t\t\t\t<p><span style=\"font-weight: 400;\">Un bon disseny necessita m\u00e9s que idees: necessita les persones adequades per fer-lo realitat.<\/span><span style=\"font-weight: 400;\"><br \/>\n<\/span><span style=\"font-weight: 400;\">Per aix\u00f2 treballo amb t\u00e8cnics i professionals que comparteixen el meu comprom\u00eds amb la qualitat: persones amb talent, experi\u00e8ncia i, sobretot, implicaci\u00f3.<\/span><span style=\"font-weight: 400;\"><br \/>\n<\/span><span style=\"font-weight: 400;\">Compto amb una xarxa s\u00f2lida de t\u00e8cnics i industrials: arquitectes, enginyers, paisatgistes, constructors, fusters, electricistes, instal\u00b7ladors, ferrers, pintors, tapissers, vidriers\u2026 i m\u00e9s.<\/span><span style=\"font-weight: 400;\"><br \/>\n<\/span><span style=\"font-weight: 400;\">Triem les persones que millor s\u2019adapten a cada projecte, perqu\u00e8 cada espai mereix l\u2019equip adequat.<\/span><\/p>\n\t\t\t\t\t\t\t\t<\/div>\n\t\t\t\t<div class=\"elementor-element elementor-element-3dbc120 elementor-widget elementor-widget-button\" data-id=\"3dbc120\" data-element_type=\"widget\" data-e-type=\"widget\" data-widget_type=\"button.default\">\n\t\t\t\t\t\t\t\t\t\t<a class=\"elementor-button elementor-button-link elementor-size-sm\" href=\"https:\/\/cristinaperaltainteriorista.com\/ca\/projectes\/\">\n\t\t\t\t\t\t<span class=\"elementor-button-content-wrapper\">\n\t\t\t\t\t\t\t\t\t<span class=\"elementor-button-text\">Projectes<\/span>\n\t\t\t\t\t<\/span>\n\t\t\t\t\t<\/a>\n\t\t\t\t\t\t\t\t<\/div>\n\t\t\t\t<\/div>\n\t\t<div class=\"elementor-element elementor-element-98e96cd e-con-full e-flex e-con e-parent\" data-id=\"98e96cd\" data-element_type=\"container\" data-e-type=\"container\">\n\t\t<div class=\"elementor-element elementor-element-113392e e-con-full e-flex e-con e-child\" data-id=\"113392e\" data-element_type=\"container\" data-e-type=\"container\">\n\t\t\t\t<div class=\"elementor-element elementor-element-f9e0b18 elementor-widget elementor-widget-image\" data-id=\"f9e0b18\" data-element_type=\"widget\" data-e-type=\"widget\" data-widget_type=\"image.default\">\n\t\t\t\t\t\t\t\t\t\t\t\t\t\t\t<img decoding=\"async\" width=\"800\" height=\"1200\" src=\"https:\/\/cristinaperaltainteriorista.com\/wp-content\/uploads\/2025\/08\/Tira-1-2.jpg\" class=\"attachment-full size-full wp-image-5980\" alt=\"\" srcset=\"https:\/\/cristinaperaltainteriorista.com\/wp-content\/uploads\/2025\/08\/Tira-1-2.jpg 800w, https:\/\/cristinaperaltainteriorista.com\/wp-content\/uploads\/2025\/08\/Tira-1-2-200x300.jpg 200w, https:\/\/cristinaperaltainteriorista.com\/wp-content\/uploads\/2025\/08\/Tira-1-2-683x1024.jpg 683w, https:\/\/cristinaperaltainteriorista.com\/wp-content\/uploads\/2025\/08\/Tira-1-2-768x1152.jpg 768w\" sizes=\"(max-width: 800px) 100vw, 800px\" \/>\t\t\t\t\t\t\t\t\t\t\t\t\t\t\t<\/div>\n\t\t\t\t<\/div>\n\t\t<div class=\"elementor-element elementor-element-c1b66c5 e-con-full e-flex e-con e-child\" data-id=\"c1b66c5\" data-element_type=\"container\" data-e-type=\"container\">\n\t\t\t\t<div class=\"elementor-element elementor-element-4467307 elementor-widget elementor-widget-image\" data-id=\"4467307\" data-element_type=\"widget\" data-e-type=\"widget\" data-widget_type=\"image.default\">\n\t\t\t\t\t\t\t\t\t\t\t\t\t\t\t<img decoding=\"async\" width=\"800\" height=\"1200\" src=\"https:\/\/cristinaperaltainteriorista.com\/wp-content\/uploads\/2025\/08\/Tira-2-2.jpg\" class=\"attachment-full size-full wp-image-5981\" alt=\"\" srcset=\"https:\/\/cristinaperaltainteriorista.com\/wp-content\/uploads\/2025\/08\/Tira-2-2.jpg 800w, https:\/\/cristinaperaltainteriorista.com\/wp-content\/uploads\/2025\/08\/Tira-2-2-200x300.jpg 200w, https:\/\/cristinaperaltainteriorista.com\/wp-content\/uploads\/2025\/08\/Tira-2-2-683x1024.jpg 683w, https:\/\/cristinaperaltainteriorista.com\/wp-content\/uploads\/2025\/08\/Tira-2-2-768x1152.jpg 768w\" sizes=\"(max-width: 800px) 100vw, 800px\" \/>\t\t\t\t\t\t\t\t\t\t\t\t\t\t\t<\/div>\n\t\t\t\t<\/div>\n\t\t<div class=\"elementor-element elementor-element-ff87cee e-con-full e-flex e-con e-child\" data-id=\"ff87cee\" data-element_type=\"container\" data-e-type=\"container\">\n\t\t\t\t<div class=\"elementor-element elementor-element-7d20c6d elementor-widget elementor-widget-image\" data-id=\"7d20c6d\" data-element_type=\"widget\" data-e-type=\"widget\" data-widget_type=\"image.default\">\n\t\t\t\t\t\t\t\t\t\t\t\t\t\t\t<img loading=\"lazy\" decoding=\"async\" width=\"533\" height=\"800\" src=\"https:\/\/cristinaperaltainteriorista.com\/wp-content\/uploads\/2025\/07\/tira-1.jpg\" class=\"attachment-full size-full wp-image-5867\" alt=\"\" srcset=\"https:\/\/cristinaperaltainteriorista.com\/wp-content\/uploads\/2025\/07\/tira-1.jpg 533w, https:\/\/cristinaperaltainteriorista.com\/wp-content\/uploads\/2025\/07\/tira-1-200x300.jpg 200w\" sizes=\"(max-width: 533px) 100vw, 533px\" \/>\t\t\t\t\t\t\t\t\t\t\t\t\t\t\t<\/div>\n\t\t\t\t<\/div>\n\t\t<div class=\"elementor-element elementor-element-f32c659 e-con-full e-flex e-con e-child\" data-id=\"f32c659\" data-element_type=\"container\" data-e-type=\"container\">\n\t\t\t\t<div class=\"elementor-element elementor-element-38b7e3c elementor-widget elementor-widget-image\" data-id=\"38b7e3c\" data-element_type=\"widget\" data-e-type=\"widget\" data-widget_type=\"image.default\">\n\t\t\t\t\t\t\t\t\t\t\t\t\t\t\t<img loading=\"lazy\" decoding=\"async\" width=\"800\" height=\"1200\" src=\"https:\/\/cristinaperaltainteriorista.com\/wp-content\/uploads\/2025\/08\/Tira-4-2.jpg\" class=\"attachment-full size-full wp-image-5979\" alt=\"\" srcset=\"https:\/\/cristinaperaltainteriorista.com\/wp-content\/uploads\/2025\/08\/Tira-4-2.jpg 800w, https:\/\/cristinaperaltainteriorista.com\/wp-content\/uploads\/2025\/08\/Tira-4-2-200x300.jpg 200w, https:\/\/cristinaperaltainteriorista.com\/wp-content\/uploads\/2025\/08\/Tira-4-2-683x1024.jpg 683w, https:\/\/cristinaperaltainteriorista.com\/wp-content\/uploads\/2025\/08\/Tira-4-2-768x1152.jpg 768w\" sizes=\"(max-width: 800px) 100vw, 800px\" \/>\t\t\t\t\t\t\t\t\t\t\t\t\t\t\t<\/div>\n\t\t\t\t<\/div>\n\t\t\t\t<\/div>\n\t\t<div class=\"elementor-element elementor-element-4987830 e-con-full e-flex e-con e-parent\" data-id=\"4987830\" data-element_type=\"container\" data-e-type=\"container\" data-settings=\"{&quot;background_background&quot;:&quot;classic&quot;}\">\n\t\t<div class=\"elementor-element elementor-element-58d8edd e-con-full e-flex e-con e-child\" data-id=\"58d8edd\" data-element_type=\"container\" data-e-type=\"container\">\n\t\t\t\t<div class=\"elementor-element elementor-element-8cd8b86 elementor-widget elementor-widget-heading\" data-id=\"8cd8b86\" data-element_type=\"widget\" data-e-type=\"widget\" data-widget_type=\"heading.default\">\n\t\t\t\t\t<h3 class=\"elementor-heading-title elementor-size-default\">Interiorisme per a habitatge<\/h3>\t\t\t\t<\/div>\n\t\t\t\t<div class=\"elementor-element elementor-element-2bde1dd elementor-widget__width-initial elementor-widget elementor-widget-text-editor\" data-id=\"2bde1dd\" data-element_type=\"widget\" data-e-type=\"widget\" data-widget_type=\"text-editor.default\">\n\t\t\t\t\t\t\t\t\t<p><span style=\"font-weight: 400;\">Els nostres projectes d\u2019habitatge parteixen de les emocions positives. Creem llars que permeten relaxar-se i viure en harmonia.<\/span><span style=\"font-weight: 400;\"><br \/>\n<\/span><span style=\"font-weight: 400;\">Intimitat, relax, luxe i eleg\u00e0ncia s\u2019adapten als gustos i necessitats de cada client.<\/span><\/p>\n\t\t\t\t\t\t\t\t<\/div>\n\t\t\t\t<\/div>\n\t\t<div class=\"elementor-element elementor-element-0bf9fc3 e-con-full e-flex e-con e-child\" data-id=\"0bf9fc3\" data-element_type=\"container\" data-e-type=\"container\">\n\t\t\t\t<div class=\"elementor-element elementor-element-653d931 elementor-widget elementor-widget-heading\" data-id=\"653d931\" data-element_type=\"widget\" data-e-type=\"widget\" data-widget_type=\"heading.default\">\n\t\t\t\t\t<h3 class=\"elementor-heading-title elementor-size-default\">Interiorisme per a negocis<\/h3>\t\t\t\t<\/div>\n\t\t\t\t<div class=\"elementor-element elementor-element-6f50251 elementor-widget__width-initial elementor-widget elementor-widget-text-editor\" data-id=\"6f50251\" data-element_type=\"widget\" data-e-type=\"widget\" data-widget_type=\"text-editor.default\">\n\t\t\t\t\t\t\t\t\t<p><span style=\"font-weight: 400;\">Projectes pensats per optimitzar la rendibilitat del teu negoci. Apliquem interiorisme estrat\u00e8gic per afavorir un ambient c\u00f2mode i eficient per als treballadors.<\/span><span style=\"font-weight: 400;\"><br \/>\n<\/span><span style=\"font-weight: 400;\">Dissenyem espais atractius amb l\u2019ess\u00e8ncia del teu negoci perqu\u00e8 els clients hi gaudeixin d\u2019una gran experi\u00e8ncia\u2026 i hi vulguin tornar.<\/span><\/p>\n\t\t\t\t\t\t\t\t<\/div>\n\t\t\t\t<\/div>\n\t\t\t\t<\/div>\n\t\t\t\t<\/div>\n\t\t","protected":false},"excerpt":{"rendered":"<p>ESCOLTAR, ENTENDRE I PROPOSAR\u2026 El nostre proc\u00e9s de treball es basa en tres pilars fonamentals: con\u00e8ixer-te, entendre qu\u00e8 necessites i oferir-te la millor soluci\u00f3. AIX\u00cd TREBALLEM Tot comen\u00e7a amb una primera visita: ens coneixem, estudiem el teu espai i analitzem les teves necessitats. Amb aquesta informaci\u00f3, plantegem un pla d\u2019acci\u00f3 clar i transparent, amb una [&hellip;]<\/p>\n","protected":false},"author":1,"featured_media":0,"parent":0,"menu_order":0,"comment_status":"closed","ping_status":"closed","template":"elementor_header_footer","meta":{"inline_featured_image":false,"_monsterinsights_skip_tracking":false,"_monsterinsights_sitenote_active":false,"_monsterinsights_sitenote_note":"","_monsterinsights_sitenote_category":0,"footnotes":""},"class_list":["post-5984","page","type-page","status-publish","hentry"],"yoast_head":"<!-- This site is optimized with the Yoast SEO plugin v27.5 - https:\/\/yoast.com\/product\/yoast-seo-wordpress\/ -->\n<title>Cristina Peralta Estudi de interiorisme a Girona i l&#039;Empord\u00e0<\/title>\n<meta name=\"description\" content=\"Interiorista i directora de projectes. Treballo amb t\u00e8cnics i professionals que comparteixen el meu comprom\u00eds per la qualitat.\" \/>\n<meta name=\"robots\" content=\"index, follow, max-snippet:-1, max-image-preview:large, max-video-preview:-1\" \/>\n<link rel=\"canonical\" href=\"https:\/\/cristinaperaltainteriorista.com\/ca\/estudi\/\" \/>\n<meta property=\"og:locale\" content=\"ca_ES\" \/>\n<meta property=\"og:type\" content=\"article\" \/>\n<meta property=\"og:title\" content=\"Cristina Peralta Estudi de interiorisme a Girona i l&#039;Empord\u00e0\" \/>\n<meta property=\"og:description\" content=\"Interiorista i directora de projectes. Treballo amb t\u00e8cnics i professionals que comparteixen el meu comprom\u00eds per la qualitat.\" \/>\n<meta property=\"og:url\" content=\"https:\/\/cristinaperaltainteriorista.com\/ca\/estudi\/\" \/>\n<meta property=\"og:site_name\" content=\"Proyectos Interiorismo\" \/>\n<meta property=\"article:modified_time\" content=\"2025-08-11T12:37:56+00:00\" \/>\n<meta property=\"og:image\" content=\"https:\/\/cristinaperaltainteriorista.com\/wp-content\/uploads\/2025\/07\/Cristina-Peralta-INTERIORISTA.jpg\" \/>\n\t<meta property=\"og:image:width\" content=\"872\" \/>\n\t<meta property=\"og:image:height\" content=\"1000\" \/>\n\t<meta property=\"og:image:type\" content=\"image\/jpeg\" \/>\n<meta name=\"twitter:card\" content=\"summary_large_image\" \/>\n<meta name=\"twitter:label1\" content=\"Temps estimat de lectura\" \/>\n\t<meta name=\"twitter:data1\" content=\"2 minuts\" \/>\n<script type=\"application\/ld+json\" class=\"yoast-schema-graph\">{\"@context\":\"https:\\\/\\\/schema.org\",\"@graph\":[{\"@type\":\"WebPage\",\"@id\":\"https:\\\/\\\/cristinaperaltainteriorista.com\\\/ca\\\/estudi\\\/\",\"url\":\"https:\\\/\\\/cristinaperaltainteriorista.com\\\/ca\\\/estudi\\\/\",\"name\":\"Cristina Peralta Estudi de interiorisme a Girona i l'Empord\u00e0\",\"isPartOf\":{\"@id\":\"https:\\\/\\\/cristinaperaltainteriorista.com\\\/ca\\\/#website\"},\"primaryImageOfPage\":{\"@id\":\"https:\\\/\\\/cristinaperaltainteriorista.com\\\/ca\\\/estudi\\\/#primaryimage\"},\"image\":{\"@id\":\"https:\\\/\\\/cristinaperaltainteriorista.com\\\/ca\\\/estudi\\\/#primaryimage\"},\"thumbnailUrl\":\"https:\\\/\\\/cristinaperaltainteriorista.com\\\/wp-content\\\/uploads\\\/2025\\\/07\\\/Cristina-Peralta-INTERIORISTA.jpg\",\"datePublished\":\"2025-07-22T15:30:56+00:00\",\"dateModified\":\"2025-08-11T12:37:56+00:00\",\"description\":\"Interiorista i directora de projectes. Treballo amb t\u00e8cnics i professionals que comparteixen el meu comprom\u00eds per la qualitat.\",\"breadcrumb\":{\"@id\":\"https:\\\/\\\/cristinaperaltainteriorista.com\\\/ca\\\/estudi\\\/#breadcrumb\"},\"inLanguage\":\"ca\",\"potentialAction\":[{\"@type\":\"ReadAction\",\"target\":[\"https:\\\/\\\/cristinaperaltainteriorista.com\\\/ca\\\/estudi\\\/\"]}]},{\"@type\":\"ImageObject\",\"inLanguage\":\"ca\",\"@id\":\"https:\\\/\\\/cristinaperaltainteriorista.com\\\/ca\\\/estudi\\\/#primaryimage\",\"url\":\"https:\\\/\\\/cristinaperaltainteriorista.com\\\/wp-content\\\/uploads\\\/2025\\\/07\\\/Cristina-Peralta-INTERIORISTA.jpg\",\"contentUrl\":\"https:\\\/\\\/cristinaperaltainteriorista.com\\\/wp-content\\\/uploads\\\/2025\\\/07\\\/Cristina-Peralta-INTERIORISTA.jpg\"},{\"@type\":\"BreadcrumbList\",\"@id\":\"https:\\\/\\\/cristinaperaltainteriorista.com\\\/ca\\\/estudi\\\/#breadcrumb\",\"itemListElement\":[{\"@type\":\"ListItem\",\"position\":1,\"name\":\"Portada\",\"item\":\"https:\\\/\\\/cristinaperaltainteriorista.com\\\/ca\\\/\"},{\"@type\":\"ListItem\",\"position\":2,\"name\":\"Estudi\"}]},{\"@type\":\"WebSite\",\"@id\":\"https:\\\/\\\/cristinaperaltainteriorista.com\\\/ca\\\/#website\",\"url\":\"https:\\\/\\\/cristinaperaltainteriorista.com\\\/ca\\\/\",\"name\":\"Proyectos Interiorismo\",\"description\":\"Reforma integral, interiorismo y decoraci\u00f3n. \u261d \u00a1Visita nuestra web! Comienza ahora con tus proyectos creando tu espacio ideal.\",\"potentialAction\":[{\"@type\":\"SearchAction\",\"target\":{\"@type\":\"EntryPoint\",\"urlTemplate\":\"https:\\\/\\\/cristinaperaltainteriorista.com\\\/ca\\\/?s={search_term_string}\"},\"query-input\":{\"@type\":\"PropertyValueSpecification\",\"valueRequired\":true,\"valueName\":\"search_term_string\"}}],\"inLanguage\":\"ca\"}]}<\/script>\n<!-- \/ Yoast SEO plugin. -->","yoast_head_json":{"title":"Cristina Peralta Estudi de interiorisme a Girona i l'Empord\u00e0","description":"Interiorista i directora de projectes. Treballo amb t\u00e8cnics i professionals que comparteixen el meu comprom\u00eds per la qualitat.","robots":{"index":"index","follow":"follow","max-snippet":"max-snippet:-1","max-image-preview":"max-image-preview:large","max-video-preview":"max-video-preview:-1"},"canonical":"https:\/\/cristinaperaltainteriorista.com\/ca\/estudi\/","og_locale":"ca_ES","og_type":"article","og_title":"Cristina Peralta Estudi de interiorisme a Girona i l'Empord\u00e0","og_description":"Interiorista i directora de projectes. Treballo amb t\u00e8cnics i professionals que comparteixen el meu comprom\u00eds per la qualitat.","og_url":"https:\/\/cristinaperaltainteriorista.com\/ca\/estudi\/","og_site_name":"Proyectos Interiorismo","article_modified_time":"2025-08-11T12:37:56+00:00","og_image":[{"width":872,"height":1000,"url":"https:\/\/cristinaperaltainteriorista.com\/wp-content\/uploads\/2025\/07\/Cristina-Peralta-INTERIORISTA.jpg","type":"image\/jpeg"}],"twitter_card":"summary_large_image","twitter_misc":{"Temps estimat de lectura":"2 minuts"},"schema":{"@context":"https:\/\/schema.org","@graph":[{"@type":"WebPage","@id":"https:\/\/cristinaperaltainteriorista.com\/ca\/estudi\/","url":"https:\/\/cristinaperaltainteriorista.com\/ca\/estudi\/","name":"Cristina Peralta Estudi de interiorisme a Girona i l'Empord\u00e0","isPartOf":{"@id":"https:\/\/cristinaperaltainteriorista.com\/ca\/#website"},"primaryImageOfPage":{"@id":"https:\/\/cristinaperaltainteriorista.com\/ca\/estudi\/#primaryimage"},"image":{"@id":"https:\/\/cristinaperaltainteriorista.com\/ca\/estudi\/#primaryimage"},"thumbnailUrl":"https:\/\/cristinaperaltainteriorista.com\/wp-content\/uploads\/2025\/07\/Cristina-Peralta-INTERIORISTA.jpg","datePublished":"2025-07-22T15:30:56+00:00","dateModified":"2025-08-11T12:37:56+00:00","description":"Interiorista i directora de projectes. Treballo amb t\u00e8cnics i professionals que comparteixen el meu comprom\u00eds per la qualitat.","breadcrumb":{"@id":"https:\/\/cristinaperaltainteriorista.com\/ca\/estudi\/#breadcrumb"},"inLanguage":"ca","potentialAction":[{"@type":"ReadAction","target":["https:\/\/cristinaperaltainteriorista.com\/ca\/estudi\/"]}]},{"@type":"ImageObject","inLanguage":"ca","@id":"https:\/\/cristinaperaltainteriorista.com\/ca\/estudi\/#primaryimage","url":"https:\/\/cristinaperaltainteriorista.com\/wp-content\/uploads\/2025\/07\/Cristina-Peralta-INTERIORISTA.jpg","contentUrl":"https:\/\/cristinaperaltainteriorista.com\/wp-content\/uploads\/2025\/07\/Cristina-Peralta-INTERIORISTA.jpg"},{"@type":"BreadcrumbList","@id":"https:\/\/cristinaperaltainteriorista.com\/ca\/estudi\/#breadcrumb","itemListElement":[{"@type":"ListItem","position":1,"name":"Portada","item":"https:\/\/cristinaperaltainteriorista.com\/ca\/"},{"@type":"ListItem","position":2,"name":"Estudi"}]},{"@type":"WebSite","@id":"https:\/\/cristinaperaltainteriorista.com\/ca\/#website","url":"https:\/\/cristinaperaltainteriorista.com\/ca\/","name":"Proyectos Interiorismo","description":"Reforma integral, interiorismo y decoraci\u00f3n. \u261d \u00a1Visita nuestra web! Comienza ahora con tus proyectos creando tu espacio ideal.","potentialAction":[{"@type":"SearchAction","target":{"@type":"EntryPoint","urlTemplate":"https:\/\/cristinaperaltainteriorista.com\/ca\/?s={search_term_string}"},"query-input":{"@type":"PropertyValueSpecification","valueRequired":true,"valueName":"search_term_string"}}],"inLanguage":"ca"}]}},"_links":{"self":[{"href":"https:\/\/cristinaperaltainteriorista.com\/ca\/wp-json\/wp\/v2\/pages\/5984","targetHints":{"allow":["GET"]}}],"collection":[{"href":"https:\/\/cristinaperaltainteriorista.com\/ca\/wp-json\/wp\/v2\/pages"}],"about":[{"href":"https:\/\/cristinaperaltainteriorista.com\/ca\/wp-json\/wp\/v2\/types\/page"}],"author":[{"embeddable":true,"href":"https:\/\/cristinaperaltainteriorista.com\/ca\/wp-json\/wp\/v2\/users\/1"}],"replies":[{"embeddable":true,"href":"https:\/\/cristinaperaltainteriorista.com\/ca\/wp-json\/wp\/v2\/comments?post=5984"}],"version-history":[{"count":3,"href":"https:\/\/cristinaperaltainteriorista.com\/ca\/wp-json\/wp\/v2\/pages\/5984\/revisions"}],"predecessor-version":[{"id":6039,"href":"https:\/\/cristinaperaltainteriorista.com\/ca\/wp-json\/wp\/v2\/pages\/5984\/revisions\/6039"}],"wp:attachment":[{"href":"https:\/\/cristinaperaltainteriorista.com\/ca\/wp-json\/wp\/v2\/media?parent=5984"}],"curies":[{"name":"wp","href":"https:\/\/api.w.org\/{rel}","templated":true}]}}